{"id":2,"date":"2022-06-28T16:49:56","date_gmt":"2022-06-28T16:49:56","guid":{"rendered":"https:\/\/eldespotricadoranhedonico.es\/?page_id=2"},"modified":"2025-05-14T15:19:40","modified_gmt":"2025-05-14T15:19:40","slug":"sample-page","status":"publish","type":"page","link":"https:\/\/eldespotricadoranhedonico.es\/index.php\/sample-page\/","title":{"rendered":"Sobre m\u00ed"},"content":{"rendered":"\n<div class=\"wp-block-group is-layout-constrained wp-block-group-is-layout-constrained\" style=\"padding-top:0;padding-bottom:0\">\n<figure data-wp-context=\"{&quot;imageId&quot;:&quot;6a070f21bf02b&quot;}\" data-wp-interactive=\"core\/image\" data-wp-key=\"6a070f21bf02b\" class=\"wp-block-image aligncenter size-large is-resized wp-lightbox-container\"><img data-recalc-dims=\"1\" loading=\"lazy\" decoding=\"async\" width=\"683\" height=\"1024\" data-wp-class--hide=\"state.isContentHidden\" data-wp-class--show=\"state.isContentVisible\" data-wp-init=\"callbacks.setButtonStyles\" data-wp-on--click=\"actions.showLightbox\" data-wp-on--load=\"callbacks.setButtonStyles\" data-wp-on-window--resize=\"callbacks.setButtonStyles\" src=\"https:\/\/i0.wp.com\/eldespotricadoranhedonico.es\/wp-content\/uploads\/2025\/05\/elDESPO_peineta2.jpg?resize=683%2C1024&#038;ssl=1\" alt=\"\" class=\"wp-image-4487\" style=\"width:290px;height:auto\" srcset=\"https:\/\/i0.wp.com\/eldespotricadoranhedonico.es\/wp-content\/uploads\/2025\/05\/elDESPO_peineta2-scaled.jpg?resize=683%2C1024&amp;ssl=1 683w, https:\/\/i0.wp.com\/eldespotricadoranhedonico.es\/wp-content\/uploads\/2025\/05\/elDESPO_peineta2-scaled.jpg?resize=267%2C400&amp;ssl=1 267w, https:\/\/i0.wp.com\/eldespotricadoranhedonico.es\/wp-content\/uploads\/2025\/05\/elDESPO_peineta2-scaled.jpg?resize=768%2C1152&amp;ssl=1 768w, https:\/\/i0.wp.com\/eldespotricadoranhedonico.es\/wp-content\/uploads\/2025\/05\/elDESPO_peineta2-scaled.jpg?resize=1024%2C1536&amp;ssl=1 1024w, https:\/\/i0.wp.com\/eldespotricadoranhedonico.es\/wp-content\/uploads\/2025\/05\/elDESPO_peineta2-scaled.jpg?resize=1365%2C2048&amp;ssl=1 1365w, https:\/\/i0.wp.com\/eldespotricadoranhedonico.es\/wp-content\/uploads\/2025\/05\/elDESPO_peineta2-scaled.jpg?w=1706&amp;ssl=1 1706w\" sizes=\"auto, (max-width: 683px) 100vw, 683px\" \/><button\n\t\t\tclass=\"lightbox-trigger\"\n\t\t\ttype=\"button\"\n\t\t\taria-haspopup=\"dialog\"\n\t\t\taria-label=\"Agrandar\"\n\t\t\tdata-wp-init=\"callbacks.initTriggerButton\"\n\t\t\tdata-wp-on--click=\"actions.showLightbox\"\n\t\t\tdata-wp-style--right=\"state.imageButtonRight\"\n\t\t\tdata-wp-style--top=\"state.imageButtonTop\"\n\t\t>\n\t\t\t<svg xmlns=\"http:\/\/www.w3.org\/2000\/svg\" width=\"12\" height=\"12\" fill=\"none\" viewBox=\"0 0 12 12\">\n\t\t\t\t<path fill=\"#fff\" d=\"M2 0a2 2 0 0 0-2 2v2h1.5V2a.5.5 0 0 1 .5-.5h2V0H2Zm2 10.5H2a.5.5 0 0 1-.5-.5V8H0v2a2 2 0 0 0 2 2h2v-1.5ZM8 12v-1.5h2a.5.5 0 0 0 .5-.5V8H12v2a2 2 0 0 1-2 2H8Zm2-12a2 2 0 0 1 2 2v2h-1.5V2a.5.5 0 0 0-.5-.5H8V0h2Z\" \/>\n\t\t\t<\/svg>\n\t\t<\/button><\/figure>\n\n\n\n<p class=\"has-text-align-center\"><em>El Despotricador anhed\u00f3nico<\/em>&nbsp;(2025) Generada con IA.&nbsp; <br><\/p>\n<\/div>\n\n\n\n<p><\/p>\n\n\n\n<p><br>Me llamo Gregorio (Greg para los amigos). Tengo demasiados a\u00f1os y las condiciones mentales seriamente mermadas (vivir rodeado de cenutrios tiene un precio). Aunque hay momentos en que soy consciente de que existo, la mayor parte del tiempo lo gasto intentando asegurar mi libertad individual a un dt\u00f3tem. Pero no sirve de nada. Una y otra vez me la roban, la violan, la desprecian, la golpean, la pisan y, a veces, incluso defecan sobre ella. Cuando me la devuelven completamente gastada tengo que volver a utilizar ese valioso tiempo que tanto me cuesta, tranquiliz\u00e1ndola, cur\u00e1ndola, limpi\u00e1ndola y acarici\u00e1ndola.<br><br>Mis necesidades emocionales e intelectuales no son tan diferentes de las de cualquier ser humano al que la naturaleza del sentido com\u00fan haya dotado de libre albedr\u00edo. Y como ser humano, inteligente, capaz y temeroso de los demonios de la estulticia, nunca me cansar\u00e9 de glorificar a los perdedores que gastan sus horas aliment\u00e1ndose de frases coherentes, fusas y semifusas o planos subjetivos. El resto, los incondicionales yonquis de la involuci\u00f3n y toda esa gran caterva de ignorantes prescindibles, simplemente ya no existen, aunque a veces, cuando me lamento y sollozo tirado en el suelo, les oigo respirar calladamente mientras esperan una posible y poco probable oportunidad.<br><br>Como no tengo el conocimiento etimol\u00f3gico suficiente para discernir si la muerte en s\u00ed es un estado de perfecci\u00f3n absoluta o simplemente un descanso involuntario, forzoso, imprescindible pero inevitable y aut\u00e9nticamente necesario, he decidido seguir viviendo. Viviendo o sobreviviendo de la \u00fanica forma que conozco: esperando algo. Y esperar\u00e9 por lo menos hasta que comprenda el significado oculto y la diferencia fundamental entre ambos vocablos: vida y muerte.<br><br>Pero, al mismo tiempo soy un tipo complicadamente sencillo, o sencillamente complicado, seg\u00fan quien me defina. Si lo hicieran mis amigos, los que llamo verdaderamente amigos y que no son tantos, la primera definici\u00f3n ser\u00eda la correcta, pero si por el contrario preguntas a mis enemigos, es casi seguro que se decantar\u00edan por la segunda.<br><br>Exceptuando la est\u00fapida e inane acci\u00f3n de introducirse un cactus del g\u00e9nero&nbsp;<i>Opuntia<\/i>&nbsp;por el trasero, no existe nada m\u00e1s arriesgado que escribir sobre uno mismo. \u00a1Es completamente imposible! Pero como la dificultad me excita, voy a intentarlo en unas breves l\u00edneas: soy un viejo trot\u00f3n saltar\u00edn sarc\u00e1stico y c\u00ednico que entre otras cosas admira a la gente munificente y que no se toma la vida demasiado en serio. \u00bfF\u00edsicamente? Mido 182 cm (184 de puntillas y 187 con sombrero), color de piel aceitunado (variedad arbequina), ojos marr\u00f3n rat\u00f3n y complexi\u00f3n a juego con mi sombra. Entre mis hobbies (necesarios para no sufrir una apoplej\u00eda hipofisaria) est\u00e1n la m\u00fasica (a\u00f1os 60-70, cl\u00e1sica, jazz), el cine (sobre todo el cl\u00e1sico y de autor), libros (ensayo, filosof\u00eda), escribir (es mi profesi\u00f3n y a menudo mi gabinete psicol\u00f3gico), interactuar con los animales, la jardiner\u00eda, budismo Zen, la luna, tocar instrumentos musicales y domesticar anchoas.<br><br>\u00bfUn poquit\u00edn mas sobre m\u00ed? Soy ateo, antimon\u00e1rquico, gilipollof\u00f3bico, a veces dictador, otras redentor, pero la mayor parte del tiempo un simple refugiado. Capricornio ascendente Aries (aunque esto me la refanfinfla); valenciano de nacimiento pero ciudadano del mundo que no cree demasiado en fronteras, banderas, himnos y dem\u00e1s zarandajas, que abomina de la mentira y la traici\u00f3n y que vive exclusivamente en el AQU\u00cd Y AHORA. En resumidas cuentas: un exjipi por fuera y un jipi (todav\u00eda) por dentro, cuyo lema es \u00abVive y deja vivir\u00bb y que aunque tiene 60 a\u00f1os, como dije antes, solo aparenta 59.<br><br>Para m\u00e1s info sobre mi: viajar a \u00cdo (un sat\u00e9lite natural de J\u00fapiter).<br><br><br><b>SOBRE ESTE BLOG<\/b><br><br><br><\/p>\n\n\n\n<div>Abr\u00ed esta bit\u00e1cora digital porque me resultaba demasiado caro acudir dos veces por semana al psic\u00f3logo. Adem\u00e1s, en las \u00faltimas sesiones era \u00e9l el que sol\u00eda lloriquear y no yo, por lo que decid\u00ed cambiar de confesor y acudir a uno que no tuviera el predecible comportamiento irracional del ser humano. Por esa raz\u00f3n, medit\u00e9 acerca de los beneficios de la red y me decid\u00ed por una de sus consecuencias: los blogs.<\/div>\n\n\n\n<div>&nbsp;<\/div>\n\n\n\n<div>He de confesar que no soy un seguidor de demasiados weblogs. Visito de vez en cuando dos o tres sobre cr\u00edticas literarias o de cine, y unos pocos en los que est\u00e1n involucrados algunos de mis amigos o conocidos. Y algunas veces, incluso comento en determinadas entradas o me sorprendo a m\u00ed mismo cliqueando en el inefable \u00abMe gusta\u00bb. Pero mi naturaleza es m\u00e1s inh\u00f3spita y asocial, por lo que prefiero revolotear como un zunzuncito entre todas las flores y absorber el polen de la que me apetece en cada momento.&nbsp;<\/div>\n\n\n\n<div>&nbsp;<\/div>\n\n\n\n<div>Desconozco si lo que escribo es bueno, malo o sencillamente espeluznante, sobre todo porque jam\u00e1s releo ni corrijo. \u00bfO es que acaso, si continuara con mis visitas al comecocos, \u00e9ste me dar\u00eda unos minutos antes de cada sesi\u00f3n para que preparase mi alocuci\u00f3n o me secara las l\u00e1grimas mientras llamo a gritos a mi mama\u00edta? Escribo de la misma forma que vomito: de un tir\u00f3n y de manera exc\u00e9ntrica. Por supuesto, si mi prop\u00f3sito fuese escribir algo parecido a una narraci\u00f3n, cuento o novela, dedicar\u00eda esfuerzo tras esfuerzo a releer, enmendar y corregir hasta que me fallasen las fuerzas.&nbsp;<\/div>\n\n\n\n<div>&nbsp;<\/div>\n\n\n\n<p>&nbsp;<br><\/p>\n\n\n\n<div>Me importa muy poco si tengo diez, cien o varios miles de seguidores o si alguien, unos pocos, o la pr\u00e1ctica totalidad de lectores piensan que deber\u00eda dedicarme a otra cosa. Por esa raz\u00f3n, en mi blog no existe la posibilidad de comentar los posts, ni tampoco demasiados botones sobre los que apretar con la flechita del cursor del rat\u00f3n.&nbsp;<\/div>\n\n\n\n<p><\/p>\n","protected":false},"excerpt":{"rendered":"<p>El Despotricador anhed\u00f3nico&nbsp;(2025) Generada con IA.&nbsp; Me llamo Gregorio (Greg para los amigos). Tengo demasiados a\u00f1os y las condiciones mentales seriamente mermadas (vivir rodeado de cenutrios tiene un precio). Aunque hay momentos en que soy consciente de que existo, la mayor parte del tiempo lo gasto intentando asegurar mi libertad individual a un dt\u00f3tem. Pero [&hellip;]<\/p>\n","protected":false},"author":1,"featured_media":0,"parent":0,"menu_order":0,"comment_status":"closed","ping_status":"closed","template":"","meta":{"site-sidebar-layout":"default","site-content-layout":"default","ast-site-content-layout":"default","site-content-style":"default","site-sidebar-style":"default","ast-global-header-display":"","ast-banner-title-visibility":"","ast-main-header-display":"","ast-hfb-above-header-display":"","ast-hfb-below-header-display":"","ast-hfb-mobile-header-display":"","site-post-title":"","ast-breadcrumbs-content":"","ast-featured-img":"","footer-sml-layout":"","ast-disable-related-posts":"","theme-transparent-header-meta":"default","adv-header-id-meta":"","stick-header-meta":"","header-above-stick-meta":"","header-main-stick-meta":"","header-below-stick-meta":"","astra-migrate-meta-layouts":"set","ast-page-background-enabled":"default","ast-page-background-meta":{"desktop":{"background-color":"var(--ast-global-color-4)","background-image":"","background-repeat":"repeat","background-position":"center center","background-size":"auto","background-attachment":"scroll","background-type":"","background-media":"","overlay-type":"","overlay-color":"","overlay-opacity":"","overlay-gradient":""},"tablet":{"background-color":"","background-image":"","background-repeat":"repeat","background-position":"center center","background-size":"auto","background-attachment":"scroll","background-type":"","background-media":"","overlay-type":"","overlay-color":"","overlay-opacity":"","overlay-gradient":""},"mobile":{"background-color":"","background-image":"","background-repeat":"repeat","background-position":"center center","background-size":"auto","background-attachment":"scroll","background-type":"","background-media":"","overlay-type":"","overlay-color":"","overlay-opacity":"","overlay-gradient":""}},"ast-content-background-meta":{"desktop":{"background-color":"var(--ast-global-color-5)","background-image":"","background-repeat":"repeat","background-position":"center center","background-size":"auto","background-attachment":"scroll","background-type":"","background-media":"","overlay-type":"","overlay-color":"","overlay-opacity":"","overlay-gradient":""},"tablet":{"background-color":"var(--ast-global-color-5)","background-image":"","background-repeat":"repeat","background-position":"center center","background-size":"auto","background-attachment":"scroll","background-type":"","background-media":"","overlay-type":"","overlay-color":"","overlay-opacity":"","overlay-gradient":""},"mobile":{"background-color":"var(--ast-global-color-5)","background-image":"","background-repeat":"repeat","background-position":"center center","background-size":"auto","background-attachment":"scroll","background-type":"","background-media":"","overlay-type":"","overlay-color":"","overlay-opacity":"","overlay-gradient":""}},"footnotes":""},"class_list":["post-2","page","type-page","status-publish","hentry"],"jetpack_sharing_enabled":true,"_links":{"self":[{"href":"https:\/\/eldespotricadoranhedonico.es\/index.php\/wp-json\/wp\/v2\/pages\/2","targetHints":{"allow":["GET"]}}],"collection":[{"href":"https:\/\/eldespotricadoranhedonico.es\/index.php\/wp-json\/wp\/v2\/pages"}],"about":[{"href":"https:\/\/eldespotricadoranhedonico.es\/index.php\/wp-json\/wp\/v2\/types\/page"}],"author":[{"embeddable":true,"href":"https:\/\/eldespotricadoranhedonico.es\/index.php\/wp-json\/wp\/v2\/users\/1"}],"replies":[{"embeddable":true,"href":"https:\/\/eldespotricadoranhedonico.es\/index.php\/wp-json\/wp\/v2\/comments?post=2"}],"version-history":[{"count":14,"href":"https:\/\/eldespotricadoranhedonico.es\/index.php\/wp-json\/wp\/v2\/pages\/2\/revisions"}],"predecessor-version":[{"id":4518,"href":"https:\/\/eldespotricadoranhedonico.es\/index.php\/wp-json\/wp\/v2\/pages\/2\/revisions\/4518"}],"wp:attachment":[{"href":"https:\/\/eldespotricadoranhedonico.es\/index.php\/wp-json\/wp\/v2\/media?parent=2"}],"curies":[{"name":"wp","href":"https:\/\/api.w.org\/{rel}","templated":true}]}}